{"id":1377,"date":"2018-12-07T00:56:28","date_gmt":"2018-12-07T00:56:28","guid":{"rendered":"http:\/\/www.viverolasbrujas.cl\/maquinas\/?post_type=product&#038;p=1377"},"modified":"2018-12-17T21:08:51","modified_gmt":"2018-12-17T21:08:51","slug":"grua-horquilla","status":"publish","type":"product","link":"https:\/\/www.viverolasbrujas.cl\/maquinas\/producto\/grua-horquilla\/","title":{"rendered":"Gr\u00faa Horquilla"},"content":{"rendered":"<p>Sin importar el tipo de trabajo que realice construcci\u00f3n, industrial, agricultura, gubernamental, paisajismo, viveros, campos, viveros de c\u00e9sped en rollos. \u00daselo para ahorrar tiempo y mano de obra. Mueva material voluminoso o en paletas con gran facilidad.<\/p>\n<p>&nbsp;<\/p>\n<p>Enganche la horquilla montacargas y mueva su material en bolsas voluminosas r\u00e1pidamente. <strong>Ideal para todo tipo de labores agr\u00edcolas y manejar fertilizantes<\/strong>. En plantas industriales y jardiner\u00edas, manejar materiales en pacas o paletas. Asimismo, es un implemento \u00fatil para un sitio de construcci\u00f3n.<\/p>\n<p>&nbsp;<\/p>\n<table border=\"1\" width=\"100%\" align=\"center\">\n<tbody>\n<tr bgcolor=\"#FFCC00\">\n<td colspan=\"4\" align=\"center\" bgcolor=\"#f1ce4d\"><span class=\"bajada\">HORQUILLA MONTACARGAS EST\u00c1NDAR<\/span><\/td>\n<\/tr>\n<tr>\n<td class=\"subtitulos\" bgcolor=\"#F7F7F7\" width=\"23%\">\n<div align=\"center\">Tama\u00f1o de cargador<\/div>\n<\/td>\n<td class=\"subtitulos\" bgcolor=\"#FFFFFF\" width=\"14%\">\n<div align=\"center\">B<\/div>\n<\/td>\n<td class=\"subtitulos\" bgcolor=\"#F7F7F7\" width=\"24%\">\n<div align=\"center\">Carga<\/div>\n<\/td>\n<td class=\"subtitulos\" bgcolor=\"#FFFFFF\" width=\"15%\">\n<div align=\"center\">E<\/div>\n<\/td>\n<\/tr>\n<tr>\n<td class=\"subtitulos\" bgcolor=\"#F7F7F7\">\n<div align=\"center\">S70<\/div>\n<\/td>\n<td class=\"subtitulos\" bgcolor=\"#FFFFFF\">\n<div align=\"center\">2.40m<\/div>\n<\/td>\n<td class=\"subtitulos\" bgcolor=\"#F7F7F7\">\n<div align=\"center\">318 Kg<\/div>\n<\/td>\n<td class=\"subtitulos\" bgcolor=\"#FFFFFF\">\n<div align=\"center\">1.22m<\/div>\n<\/td>\n<\/tr>\n<tr>\n<td class=\"subtitulos\" bgcolor=\"#F7F7F7\">\n<div align=\"center\">S130<\/div>\n<\/td>\n<td class=\"subtitulos\" bgcolor=\"#FFFFFF\">\n<div align=\"center\">2.80m<\/div>\n<\/td>\n<td class=\"subtitulos\" bgcolor=\"#F7F7F7\">\n<div align=\"center\">590 Kg<\/div>\n<\/td>\n<td class=\"subtitulos\" bgcolor=\"#FFFFFF\">\n<div align=\"center\">1.22m<\/div>\n<\/td>\n<\/tr>\n<tr>\n<td class=\"subtitulos\" bgcolor=\"#F7F7F7\">\n<div align=\"center\">S160<\/div>\n<\/td>\n<td class=\"subtitulos\" bgcolor=\"#FFFFFF\">\n<div align=\"center\">2.90m<\/div>\n<\/td>\n<td class=\"subtitulos\" bgcolor=\"#F7F7F7\">\n<div align=\"center\">726 Kg<\/div>\n<\/td>\n<td class=\"subtitulos\" bgcolor=\"#FFFFFF\">\n<div align=\"center\">1.22m<\/div>\n<\/td>\n<\/tr>\n<tr>\n<td class=\"subtitulos\" bgcolor=\"#F7F7F7\">\n<div align=\"center\">S185<\/div>\n<\/td>\n<td class=\"subtitulos\" bgcolor=\"#FFFFFF\">\n<div align=\"center\">3.00m<\/div>\n<\/td>\n<td class=\"subtitulos\" bgcolor=\"#F7F7F7\">\n<div align=\"center\">839 Kg<\/div>\n<\/td>\n<td class=\"subtitulos\" bgcolor=\"#FFFFFF\">\n<div align=\"center\">1.22m<\/div>\n<\/td>\n<\/tr>\n<tr>\n<td class=\"subtitulos\" bgcolor=\"#F7F7F7\">\n<div align=\"center\">S205<\/div>\n<\/td>\n<td class=\"subtitulos\" bgcolor=\"#FFFFFF\">\n<div align=\"center\">3.31m<\/div>\n<\/td>\n<td class=\"subtitulos\" bgcolor=\"#F7F7F7\">\n<div align=\"center\">930 Kg<\/div>\n<\/td>\n<td class=\"subtitulos\" bgcolor=\"#FFFFFF\">\n<div align=\"center\">1.22m<\/div>\n<\/td>\n<\/tr>\n<\/tbody>\n<\/table>\n<p><img loading=\"lazy\" decoding=\"async\" class=\"alignnone size-full wp-image-1397\" style=\"float: left;\" src=\"https:\/\/dev2.appdtes.cl\/wp-content\/uploads\/2018\/12\/dimen_01.jpg\" alt=\"\" width=\"393\" height=\"331\" srcset=\"https:\/\/www.viverolasbrujas.cl\/maquinas\/wp-content\/uploads\/2018\/12\/dimen_01-200x168.jpg 200w, https:\/\/www.viverolasbrujas.cl\/maquinas\/wp-content\/uploads\/2018\/12\/dimen_01-300x253.jpg 300w, https:\/\/www.viverolasbrujas.cl\/maquinas\/wp-content\/uploads\/2018\/12\/dimen_01.jpg 393w\" sizes=\"(max-width: 393px) 100vw, 393px\" \/><br \/>\n<img loading=\"lazy\" decoding=\"async\" class=\"alignnone size-full wp-image-1398\" style=\"float: left;\" src=\"https:\/\/dev2.appdtes.cl\/wp-content\/uploads\/2018\/12\/dimen_02.jpg\" alt=\"\" width=\"290\" height=\"232\" srcset=\"https:\/\/www.viverolasbrujas.cl\/maquinas\/wp-content\/uploads\/2018\/12\/dimen_02-177x142.jpg 177w, https:\/\/www.viverolasbrujas.cl\/maquinas\/wp-content\/uploads\/2018\/12\/dimen_02-200x160.jpg 200w, https:\/\/www.viverolasbrujas.cl\/maquinas\/wp-content\/uploads\/2018\/12\/dimen_02.jpg 290w\" sizes=\"(max-width: 290px) 100vw, 290px\" \/><\/p>\n","protected":false},"excerpt":{"rendered":"<p>Permite trasladar y cargar con gran rapidez; Pallets, bins con pesos de 700 kg. y una altura de 2.50 mts.<\/p>\n","protected":false},"featured_media":1493,"template":"","meta":[],"product_cat":[45],"product_tag":[],"class_list":{"0":"post-1377","1":"product","2":"type-product","3":"status-publish","4":"has-post-thumbnail","6":"product_cat-minicargador-compacto","8":"first","9":"instock","10":"shipping-taxable","11":"product-type-simple"},"_links":{"self":[{"href":"https:\/\/www.viverolasbrujas.cl\/maquinas\/wp-json\/wp\/v2\/product\/1377"}],"collection":[{"href":"https:\/\/www.viverolasbrujas.cl\/maquinas\/wp-json\/wp\/v2\/product"}],"about":[{"href":"https:\/\/www.viverolasbrujas.cl\/maquinas\/wp-json\/wp\/v2\/types\/product"}],"wp:featuredmedia":[{"embeddable":true,"href":"https:\/\/www.viverolasbrujas.cl\/maquinas\/wp-json\/wp\/v2\/media\/1493"}],"wp:attachment":[{"href":"https:\/\/www.viverolasbrujas.cl\/maquinas\/wp-json\/wp\/v2\/media?parent=1377"}],"wp:term":[{"taxonomy":"product_cat","embeddable":true,"href":"https:\/\/www.viverolasbrujas.cl\/maquinas\/wp-json\/wp\/v2\/product_cat?post=1377"},{"taxonomy":"product_tag","embeddable":true,"href":"https:\/\/www.viverolasbrujas.cl\/maquinas\/wp-json\/wp\/v2\/product_tag?post=1377"}],"curies":[{"name":"wp","href":"https:\/\/api.w.org\/{rel}","templated":true}]}}