{"id":1432,"date":"2018-12-13T21:49:38","date_gmt":"2018-12-13T21:49:38","guid":{"rendered":"http:\/\/www.viverolasbrujas.cl\/maquinas\/?post_type=product&#038;p=1432"},"modified":"2018-12-17T21:20:39","modified_gmt":"2018-12-17T21:20:39","slug":"taladro-ahoyador-1","status":"publish","type":"product","link":"https:\/\/www.viverolasbrujas.cl\/maquinas\/producto\/taladro-ahoyador-1\/","title":{"rendered":"Taladro Ahoyador"},"content":{"rendered":"<p><span class=\"subtitulos\"><strong>Excave hoyos de 15, 30, 45 ,60 y 91 cm. con alta velocidad y l\u00edneas verticales precisas<\/strong>. El taladro hidr\u00e1ulico para trabajos pesados trabaja con una potencia de alto torque. Debido a su exclusivo dise\u00f1o de juntas articuladas. El taladro se cuelga en l\u00ednea vertical a\u00fan en terrenos disparejos. Hay tres modelos de hoyadores Bobcat disponibles para su cargador o excavadora Bobcat, bien sean hoyos para postes de vallas o \u00e1rboles.<\/span><\/p>\n<p>&nbsp;<\/p>\n<p><strong>Profundidad<\/strong>. Las brocas miden 1 m y mas una extensor pueden llegar hasta 1.50m de excavaci\u00f3n.<\/p>\n<p>&nbsp;<\/p>\n<p>\u2022 Transmisi\u00f3n directa para una operaci\u00f3n m\u00e1s eficiente. Una carcaza de transmisi\u00f3n m\u00e1s peque\u00f1a permite a la unidad de transmisi\u00f3n seguir la broca dentro del hoyo, alcanzando as\u00ed, un pie m\u00e1s de profundidad de excavaci\u00f3n que la unidad de transmisi\u00f3n est\u00e1ndar.*<\/p>\n<p>\u2022 Mayor torque. Un dise\u00f1o eficiente y un desplazamiento modificado ofrecen a estas unidades mayor torque.<\/p>\n<p>\u2022 Disponibilidad de ejes de salida hexagonal o circular.<\/p>\n<p>\u2022 Sistema de montaje mejorado para el montaje de excavadoras y cargadores.<\/p>\n<p>\u2022 Broca de 30 cm. o mayor\u00a0<strong><br \/>\n<\/strong><\/p>\n<p>&nbsp;<\/p>\n<p><img loading=\"lazy\" decoding=\"async\" class=\"aligncenter size-full wp-image-1434\" src=\"https:\/\/dev2.appdtes.cl\/wp-content\/uploads\/2018\/12\/tractor-taladro-1.jpg\" alt=\"\" width=\"357\" height=\"488\" srcset=\"https:\/\/www.viverolasbrujas.cl\/maquinas\/wp-content\/uploads\/2018\/12\/tractor-taladro-1-200x273.jpg 200w, https:\/\/www.viverolasbrujas.cl\/maquinas\/wp-content\/uploads\/2018\/12\/tractor-taladro-1-219x300.jpg 219w, https:\/\/www.viverolasbrujas.cl\/maquinas\/wp-content\/uploads\/2018\/12\/tractor-taladro-1.jpg 357w\" sizes=\"(max-width: 357px) 100vw, 357px\" \/><\/p>\n<p>&nbsp;<\/p>\n<table border=\"1\" width=\"100%\" align=\"center\">\n<tbody>\n<tr bgcolor=\"#FFCC00\">\n<td class=\"subtitulos\" colspan=\"3\" align=\"center\" bgcolor=\"#f1ce4d\"><span class=\"bajada\">BROCAS Y DIENTES DE TALADRO PARA DIFERENTES CONDICIONES DE SUELOS<\/span><\/td>\n<\/tr>\n<tr>\n<td class=\"subtitulos\" width=\"53%\"><span class=\"viculos\">Broca est\u00e1ndar<\/span><\/td>\n<td class=\"subtitulos\" colspan=\"2\"><span class=\"viculos\">Broca para trabajos pesados<\/span><\/td>\n<\/tr>\n<tr>\n<td class=\"subtitulos\" colspan=\"3\" bgcolor=\"#CCCCCC\"><span class=\"imagenes\">Opciones<\/span><\/td>\n<\/tr>\n<tr>\n<td class=\"subtitulos\">Taza de transmisi\u00f3n CIRCULAR de 2.5\u201d Aleta doble Cabezal de taladrar de acero Punto piloto Tri-Flow\u2122<\/td>\n<td class=\"subtitulos\" colspan=\"2\">Taza de transmisi\u00f3n HEXAGONAL de 2\u201d<br \/>\nAleta sencilla Cabezal de taladrar de fundido Punto piloto Tri-Flow\u2122<\/td>\n<\/tr>\n<tr>\n<td class=\"subtitulos\" colspan=\"3\" bgcolor=\"#CCCCCC\"><span class=\"imagenes\">Aplicaciones<\/span><\/td>\n<\/tr>\n<tr>\n<td class=\"subtitulos\"><span class=\"Text-2\">Excavaci\u00f3n est\u00e1ndar, suelos arcillosos y<br \/>\narenosos.<\/span><\/td>\n<td class=\"subtitulos\" colspan=\"2\">Suelos duros, arcilla compacta, suelo blanco arcilloso, asfalto y congelado.<\/td>\n<\/tr>\n<tr>\n<td class=\"subtitulos\" bgcolor=\"#FFFFFF\">\n<div align=\"center\"><img loading=\"lazy\" decoding=\"async\" src=\"http:\/\/www.viverolasbrujas.cl\/desa\/maquinas\/fichas\/img\/03_taladro\/broca_estan.jpg\" width=\"173\" height=\"229\" \/><\/div>\n<\/td>\n<td class=\"subtitulos\" colspan=\"2\" bgcolor=\"#FFFFFF\">\n<div class=\"Text-2\" align=\"center\"><img loading=\"lazy\" decoding=\"async\" src=\"http:\/\/www.viverolasbrujas.cl\/desa\/maquinas\/fichas\/img\/03_taladro\/broca_pesados.jpg\" width=\"172\" height=\"225\" \/><\/div>\n<\/td>\n<\/tr>\n<tr>\n<td class=\"subtitulos\" colspan=\"3\"><\/td>\n<\/tr>\n<tr>\n<td class=\"bajada\" colspan=\"3\" align=\"center\" bgcolor=\"#f1ce4d\">ESPECIFICACIONES<\/td>\n<\/tr>\n<tr>\n<td class=\"subtitulos\" colspan=\"3\"><strong>Profundidad de excavaci\u00f3n (sin extensi\u00f3n)<\/strong><\/td>\n<\/tr>\n<tr>\n<td class=\"subtitulos\" colspan=\"2\" bgcolor=\"#F5F5F5\"><span class=\"viculos\">Modelo 10 ( S70)<\/span><\/td>\n<td class=\"subtitulos\" bgcolor=\"#F5F5F5\" width=\"40%\">100 cm.<\/td>\n<\/tr>\n<tr>\n<td class=\"subtitulos\" colspan=\"2\"><span class=\"viculos\">Modelo 30H ( S130 \u2013S160-S185 \u2013S205)<\/span><\/td>\n<td class=\"subtitulos\">100 cm y con extensi\u00f3n 150 cm<\/td>\n<\/tr>\n<\/tbody>\n<\/table>\n<p>&nbsp;<\/p>\n<table border=\"1\" width=\"100%\" align=\"center\">\n<tbody>\n<tr bgcolor=\"#FFCC00\">\n<td class=\"bajada\" bgcolor=\"#f1ce4d\" width=\"32%\">\n<div align=\"center\">TALADRO<\/div>\n<\/td>\n<td class=\"bajada\" bgcolor=\"#f1ce4d\" width=\"22%\">\n<div align=\"center\">MODELO 10<\/div>\n<\/td>\n<td class=\"bajada\" bgcolor=\"#f1ce4d\" width=\"23%\">\n<div align=\"center\">MODELO 30<\/div>\n<\/td>\n<\/tr>\n<tr bgcolor=\"#CCCCCC\">\n<td class=\"subtitulos\">\n<div align=\"center\">CARCAZA<\/div>\n<\/td>\n<td class=\"subtitulos\"><\/td>\n<td class=\"subtitulos\"><\/td>\n<\/tr>\n<tr class=\"Text-2\">\n<td class=\"subtitulos\">Longitud<\/td>\n<td class=\"subtitulos\">\n<div align=\"center\">214 mm (8.44 in.)<\/div>\n<\/td>\n<td class=\"subtitulos\">\n<div align=\"center\">269 mm (10.59 in.)<\/div>\n<\/td>\n<\/tr>\n<tr class=\"Text-2\">\n<td class=\"subtitulos\" bgcolor=\"#F5F5F5\">Ancho<\/td>\n<td class=\"subtitulos\" bgcolor=\"#F5F5F5\">\n<div align=\"center\">233 mm (9.18 in.)<\/div>\n<\/td>\n<td class=\"subtitulos\" bgcolor=\"#F5F5F5\">\n<div align=\"center\">260 mm (10.23 in.)<\/div>\n<\/td>\n<\/tr>\n<tr class=\"Text-2\">\n<td class=\"subtitulos\">Altura<\/td>\n<td class=\"subtitulos\">\n<div align=\"center\">&#8212;<\/div>\n<\/td>\n<td class=\"subtitulos\">\n<div align=\"center\">525 mm (20.65 in.)<\/div>\n<\/td>\n<\/tr>\n<tr>\n<td class=\"subtitulos\" bgcolor=\"#F5F5F5\">Di\u00e1metro del espacio libre de la Unidad<br \/>\nde transmisi\u00f3n<\/td>\n<td class=\"subtitulos\" bgcolor=\"#F5F5F5\">\n<div align=\"center\">254 mm (10 in.)<\/div>\n<\/td>\n<td class=\"subtitulos\" bgcolor=\"#F5F5F5\">\n<div align=\"center\">305 mm (12 in.)<\/div>\n<\/td>\n<\/tr>\n<tr>\n<td class=\"subtitulos\">PESO<\/td>\n<td class=\"subtitulos\">\n<div align=\"center\">64 kg (140 lb.)<\/div>\n<\/td>\n<td class=\"subtitulos\">\n<div align=\"center\">105 kg (231 lb.)<\/div>\n<\/td>\n<\/tr>\n<tr>\n<td class=\"subtitulos\" bgcolor=\"#F5F5F5\">Sistema de Transmisi\u00f3n<\/td>\n<td class=\"subtitulos\" bgcolor=\"#F5F5F5\">\n<div align=\"center\">Directo<\/div>\n<\/td>\n<td class=\"subtitulos\" bgcolor=\"#F5F5F5\">\n<div align=\"center\">Directo<\/div>\n<\/td>\n<\/tr>\n<\/tbody>\n<\/table>\n","protected":false},"excerpt":{"rendered":"<p>Perfora en di\u00e1metros de 30 y 45 cms. a profundidades de 1 y 1.50 m. ideal para plantaci\u00f3n, y drenajes.<\/p>\n","protected":false},"featured_media":1500,"template":"","meta":[],"product_cat":[45],"product_tag":[],"class_list":{"0":"post-1432","1":"product","2":"type-product","3":"status-publish","4":"has-post-thumbnail","6":"product_cat-minicargador-compacto","8":"first","9":"instock","10":"shipping-taxable","11":"product-type-simple"},"_links":{"self":[{"href":"https:\/\/www.viverolasbrujas.cl\/maquinas\/wp-json\/wp\/v2\/product\/1432"}],"collection":[{"href":"https:\/\/www.viverolasbrujas.cl\/maquinas\/wp-json\/wp\/v2\/product"}],"about":[{"href":"https:\/\/www.viverolasbrujas.cl\/maquinas\/wp-json\/wp\/v2\/types\/product"}],"wp:featuredmedia":[{"embeddable":true,"href":"https:\/\/www.viverolasbrujas.cl\/maquinas\/wp-json\/wp\/v2\/media\/1500"}],"wp:attachment":[{"href":"https:\/\/www.viverolasbrujas.cl\/maquinas\/wp-json\/wp\/v2\/media?parent=1432"}],"wp:term":[{"taxonomy":"product_cat","embeddable":true,"href":"https:\/\/www.viverolasbrujas.cl\/maquinas\/wp-json\/wp\/v2\/product_cat?post=1432"},{"taxonomy":"product_tag","embeddable":true,"href":"https:\/\/www.viverolasbrujas.cl\/maquinas\/wp-json\/wp\/v2\/product_tag?post=1432"}],"curies":[{"name":"wp","href":"https:\/\/api.w.org\/{rel}","templated":true}]}}