{"id":1447,"date":"2018-12-14T18:00:51","date_gmt":"2018-12-14T18:00:51","guid":{"rendered":"http:\/\/www.viverolasbrujas.cl\/maquinas\/?post_type=product&#038;p=1447"},"modified":"2024-10-28T23:08:07","modified_gmt":"2024-10-28T23:08:07","slug":"rastrillo-hidraulico","status":"publish","type":"product","link":"https:\/\/www.viverolasbrujas.cl\/maquinas\/producto\/rastrillo-hidraulico\/","title":{"rendered":"Rastrillo Hidr\u00e1ulico"},"content":{"rendered":"<p><strong>El acabado del Rastrillo Hidr\u00e1ulico Bobcat es perfecto para la terminaci\u00f3n de la preparaci\u00f3n de un terreno<\/strong>. Esta espectacular herramienta rastrilla, recolectando elementos como piedras menores de 2.5 cm de di\u00e1metro y terrones, mientras aplana y nivela el terreno.<\/p>\n<p>Funciona sobre terreno ya preparado por el Ripper, soil condition y\/o rotavator o tiller.<\/p>\n<p>Disponible en el Modelo 6B.<\/p>\n<p>La tapa hidr\u00e1ulica se abre por sobre el caj\u00f3n para descargar de manera m\u00e1s f\u00e1cil los objetos recolectados permitiendo al cubo raspar y emparejar el terreno.<\/p>\n<p>Las barras suministran mejor nivelaci\u00f3n debido al extenso contacto con el suelo. La orilla de los esqu\u00edes, que son ajustables proporcionan un mando a profundidad adem\u00e1s del delicado cuchillo-borde que marcan la superficie acabada.<\/p>\n<p>&nbsp;<\/p>\n<p><img loading=\"lazy\" decoding=\"async\" class=\"aligncenter size-full wp-image-1448\" src=\"https:\/\/dev2.appdtes.cl\/wp-content\/uploads\/2018\/12\/rastrillo-hidraulico-1.jpg\" alt=\"\" width=\"333\" height=\"350\" srcset=\"https:\/\/www.viverolasbrujas.cl\/maquinas\/wp-content\/uploads\/2018\/12\/rastrillo-hidraulico-1-200x210.jpg 200w, https:\/\/www.viverolasbrujas.cl\/maquinas\/wp-content\/uploads\/2018\/12\/rastrillo-hidraulico-1-285x300.jpg 285w, https:\/\/www.viverolasbrujas.cl\/maquinas\/wp-content\/uploads\/2018\/12\/rastrillo-hidraulico-1.jpg 333w\" sizes=\"(max-width: 333px) 100vw, 333px\" \/><\/p>\n<p>&nbsp;<\/p>\n<table border=\"1\" width=\"100%\" align=\"center\">\n<tbody>\n<tr bgcolor=\"#FFCC00\">\n<td colspan=\"2\" align=\"center\" bgcolor=\"#FFCC00\"><span class=\"bajada\">BOBCAT RASTRILLO HIDR\u00c1ULICO ( Modelo 6B )<\/span><\/td>\n<\/tr>\n<tr>\n<td class=\"subtitulos\" width=\"49%\">Ancho Operativo<\/td>\n<td class=\"subtitulos\" width=\"51%\">\n<div align=\"center\">1829 mm (72 in.)<\/div>\n<\/td>\n<\/tr>\n<tr>\n<td class=\"subtitulos\" bgcolor=\"#F3F3F3\">Ancho Global<\/td>\n<td class=\"subtitulos\" bgcolor=\"#F3F3F3\">\n<div align=\"center\">1998 mm (78.6 in.)<\/div>\n<\/td>\n<\/tr>\n<tr>\n<td class=\"subtitulos\">Peso<\/td>\n<td class=\"subtitulos\">\n<div align=\"center\">510 kg (1130 lb.)<\/div>\n<\/td>\n<\/tr>\n<tr>\n<td class=\"subtitulos\" bgcolor=\"#F3F3F3\">N\u00fameros de dientes en la Barra<\/td>\n<td class=\"subtitulos\" bgcolor=\"#F3F3F3\">\n<div align=\"center\">12<\/div>\n<\/td>\n<\/tr>\n<tr>\n<td class=\"subtitulos\">N\u00fameros de dientes (total)<\/td>\n<td class=\"subtitulos\">\n<div align=\"center\">468<\/div>\n<\/td>\n<\/tr>\n<tr>\n<td class=\"subtitulos\" bgcolor=\"#F3F3F3\">Capacidad<\/td>\n<td class=\"subtitulos\" bgcolor=\"#F3F3F3\">\n<div align=\"center\">14.3 cu. ft. (0.40 cu. m)<\/div>\n<\/td>\n<\/tr>\n<tr>\n<td class=\"subtitulos\" colspan=\"2\"><\/td>\n<\/tr>\n<tr>\n<td class=\"bajada\" colspan=\"2\" align=\"center\" bgcolor=\"#FFCC00\">CARGADORES BOBCAT COMPATIBLES<\/td>\n<\/tr>\n<tr>\n<td class=\"subtitulos\" colspan=\"2\">S130 \u2013S160 \u2013 S185 \u2013 S205<\/td>\n<\/tr>\n<tr>\n<td class=\"subtitulos\" colspan=\"2\"><\/td>\n<\/tr>\n<tr>\n<td class=\"subtitulos\" bgcolor=\"#FFFFFF\">\n<div class=\"tituloazul\" align=\"center\">Rastrilla y Recolecta<\/div>\n<\/td>\n<td class=\"subtitulos\" bgcolor=\"#FFFFFF\">\n<div class=\"tituloazul\" align=\"center\">Descarga los escombros<\/div>\n<\/td>\n<\/tr>\n<tr>\n<td bgcolor=\"#FFFFFF\">\n<div align=\"center\"><img loading=\"lazy\" decoding=\"async\" class=\"aligncenter size-full wp-image-1450\" src=\"https:\/\/dev2.appdtes.cl\/wp-content\/uploads\/2018\/12\/rastrillo-hidraulico-3.jpg\" alt=\"\" width=\"248\" height=\"135\" srcset=\"https:\/\/www.viverolasbrujas.cl\/maquinas\/wp-content\/uploads\/2018\/12\/rastrillo-hidraulico-3-200x109.jpg 200w, https:\/\/www.viverolasbrujas.cl\/maquinas\/wp-content\/uploads\/2018\/12\/rastrillo-hidraulico-3.jpg 248w\" sizes=\"(max-width: 248px) 100vw, 248px\" \/><\/div>\n<\/td>\n<td bgcolor=\"#FFFFFF\">\n<div align=\"center\"><img loading=\"lazy\" decoding=\"async\" class=\"aligncenter size-full wp-image-1451\" src=\"https:\/\/dev2.appdtes.cl\/wp-content\/uploads\/2018\/12\/rastrillo-hidraulico-4.jpg\" alt=\"\" width=\"246\" height=\"135\" srcset=\"https:\/\/www.viverolasbrujas.cl\/maquinas\/wp-content\/uploads\/2018\/12\/rastrillo-hidraulico-4-200x110.jpg 200w, https:\/\/www.viverolasbrujas.cl\/maquinas\/wp-content\/uploads\/2018\/12\/rastrillo-hidraulico-4.jpg 246w\" sizes=\"(max-width: 246px) 100vw, 246px\" \/><\/div>\n<\/td>\n<\/tr>\n<tr>\n<td class=\"subtitulos\" colspan=\"2\" bgcolor=\"#FFFFFF\" height=\"21\">\n<div align=\"center\">Raspa<\/div>\n<\/td>\n<\/tr>\n<tr>\n<td colspan=\"2\" bgcolor=\"#FFFFFF\" height=\"21\">\n<div align=\"center\"><img loading=\"lazy\" decoding=\"async\" class=\"aligncenter size-full wp-image-1452\" src=\"https:\/\/dev2.appdtes.cl\/wp-content\/uploads\/2018\/12\/rastrillo-hidraulico-5.jpg\" alt=\"\" width=\"248\" height=\"132\" srcset=\"https:\/\/www.viverolasbrujas.cl\/maquinas\/wp-content\/uploads\/2018\/12\/rastrillo-hidraulico-5-200x106.jpg 200w, https:\/\/www.viverolasbrujas.cl\/maquinas\/wp-content\/uploads\/2018\/12\/rastrillo-hidraulico-5.jpg 248w\" sizes=\"(max-width: 248px) 100vw, 248px\" \/><\/div>\n<\/td>\n<\/tr>\n<tr>\n<td colspan=\"2\" bgcolor=\"#FFFFFF\" height=\"21\">\n<div align=\"center\"><img loading=\"lazy\" decoding=\"async\" class=\"aligncenter size-full wp-image-1453\" src=\"https:\/\/dev2.appdtes.cl\/wp-content\/uploads\/2018\/12\/rastrillo-hidraulico-6.jpg\" alt=\"\" width=\"483\" height=\"319\" srcset=\"https:\/\/www.viverolasbrujas.cl\/maquinas\/wp-content\/uploads\/2018\/12\/rastrillo-hidraulico-6-200x132.jpg 200w, https:\/\/www.viverolasbrujas.cl\/maquinas\/wp-content\/uploads\/2018\/12\/rastrillo-hidraulico-6-300x198.jpg 300w, https:\/\/www.viverolasbrujas.cl\/maquinas\/wp-content\/uploads\/2018\/12\/rastrillo-hidraulico-6-400x264.jpg 400w, https:\/\/www.viverolasbrujas.cl\/maquinas\/wp-content\/uploads\/2018\/12\/rastrillo-hidraulico-6.jpg 483w\" sizes=\"(max-width: 483px) 100vw, 483px\" \/><\/div>\n<\/td>\n<\/tr>\n<\/tbody>\n<\/table>\n","protected":false},"excerpt":{"rendered":"<p>Vers\u00e1til herramienta de acabado a trabajar en su siguiente trabajo de jardiner\u00eda y ver\u00e1 por qu\u00e9 es una favorita perenne entre los contratistas. Rastrilla y re\u00fane los escombros mientras suaviza y nivela el suelo, y luego descarga el material acumulado.\u00a0Se debe haber pasado el acondicionador de suelo previamente.<\/p>\n","protected":false},"featured_media":1523,"template":"","meta":[],"product_cat":[45],"product_tag":[],"class_list":{"0":"post-1447","1":"product","2":"type-product","3":"status-publish","4":"has-post-thumbnail","6":"product_cat-minicargador-compacto","8":"first","9":"instock","10":"shipping-taxable","11":"product-type-simple"},"_links":{"self":[{"href":"https:\/\/www.viverolasbrujas.cl\/maquinas\/wp-json\/wp\/v2\/product\/1447"}],"collection":[{"href":"https:\/\/www.viverolasbrujas.cl\/maquinas\/wp-json\/wp\/v2\/product"}],"about":[{"href":"https:\/\/www.viverolasbrujas.cl\/maquinas\/wp-json\/wp\/v2\/types\/product"}],"wp:featuredmedia":[{"embeddable":true,"href":"https:\/\/www.viverolasbrujas.cl\/maquinas\/wp-json\/wp\/v2\/media\/1523"}],"wp:attachment":[{"href":"https:\/\/www.viverolasbrujas.cl\/maquinas\/wp-json\/wp\/v2\/media?parent=1447"}],"wp:term":[{"taxonomy":"product_cat","embeddable":true,"href":"https:\/\/www.viverolasbrujas.cl\/maquinas\/wp-json\/wp\/v2\/product_cat?post=1447"},{"taxonomy":"product_tag","embeddable":true,"href":"https:\/\/www.viverolasbrujas.cl\/maquinas\/wp-json\/wp\/v2\/product_tag?post=1447"}],"curies":[{"name":"wp","href":"https:\/\/api.w.org\/{rel}","templated":true}]}}