{"id":1478,"date":"2018-12-14T19:23:55","date_gmt":"2018-12-14T19:23:55","guid":{"rendered":"http:\/\/www.viverolasbrujas.cl\/maquinas\/?post_type=product&#038;p=1478"},"modified":"2024-10-28T23:07:35","modified_gmt":"2024-10-28T23:07:35","slug":"brazo-excavador","status":"publish","type":"product","link":"https:\/\/www.viverolasbrujas.cl\/maquinas\/producto\/brazo-excavador\/","title":{"rendered":"Brazo Excavador"},"content":{"rendered":"<p>La profundidad del brazo de 3 metros para un trabajo de alto rendimiento y gran alcance. Disponible con estabilizadores verticales que se pliegan bajo el asiento de control. Eficaz. Barato. Vers\u00e1til.<\/p>\n<p>Cuando usted agregue el Brazo-Excavador de Bobcat a su l\u00ednea de trabajos\u00a0<strong>para excavaci\u00f3n en construcci\u00f3n, jardines y trabajo de viveros, sistema de riegos, sistemas y tanques s\u00e9pticos, agua y l\u00edneas de poder y muchos otros trabajos de excavaci\u00f3n.\u00a0<\/strong><\/p>\n<p>Una vez con el Bobcat Modelo 709, r\u00e1pidamente cambie su cargador al implemento Brazo-Excavador, entonces a varios otros implementos para ocuparse de un sin-n\u00famero de trabajos. \u00a1La versatilidad significa la econom\u00eda de dinero!<\/p>\n<p>Cuenta con baldes intercambiables de 20 , 30 40 y 45 cm de ancho.<\/p>\n<p>&nbsp;<\/p>\n<p><img loading=\"lazy\" decoding=\"async\" class=\"aligncenter size-full wp-image-1479\" src=\"https:\/\/dev2.appdtes.cl\/wp-content\/uploads\/2018\/12\/brazo-excavador-1.jpg\" alt=\"\" width=\"563\" height=\"379\" srcset=\"https:\/\/www.viverolasbrujas.cl\/maquinas\/wp-content\/uploads\/2018\/12\/brazo-excavador-1-200x135.jpg 200w, https:\/\/www.viverolasbrujas.cl\/maquinas\/wp-content\/uploads\/2018\/12\/brazo-excavador-1-300x202.jpg 300w, https:\/\/www.viverolasbrujas.cl\/maquinas\/wp-content\/uploads\/2018\/12\/brazo-excavador-1-400x269.jpg 400w, https:\/\/www.viverolasbrujas.cl\/maquinas\/wp-content\/uploads\/2018\/12\/brazo-excavador-1.jpg 563w\" sizes=\"(max-width: 563px) 100vw, 563px\" \/><\/p>\n<p>&nbsp;<\/p>\n<table border=\"1\" width=\"100%\" align=\"center\">\n<tbody>\n<tr bgcolor=\"#FFCC00\">\n<td class=\"bajada\" colspan=\"2\" align=\"center\" bgcolor=\"#FFCC00\"><span class=\"bajada\">GENERAL<\/span><\/td>\n<\/tr>\n<tr>\n<td class=\"subtitulos\" width=\"41%\">Cargadores Compatibles<\/td>\n<td class=\"subtitulos\" width=\"59%\">S130 \u2013 S160 \u2013S185 \u2013S 205<\/td>\n<\/tr>\n<tr>\n<td class=\"subtitulos\" bgcolor=\"#F3F3F3\"><span class=\"viculos\">Peso<\/span><\/td>\n<td class=\"subtitulos\" bgcolor=\"#F3F3F3\">675 kg (1487 lb.)<\/td>\n<\/tr>\n<tr>\n<td class=\"subtitulos\" colspan=\"2\" align=\"center\" bgcolor=\"#FFCC00\"><span class=\"bajada\">DIMENSIONES<\/span><\/td>\n<\/tr>\n<tr>\n<td class=\"subtitulos\"><span class=\"viculos\">Tipo de Estabilizador<\/span><\/td>\n<td class=\"subtitulos\">Vertical<\/td>\n<\/tr>\n<tr>\n<td class=\"subtitulos\" bgcolor=\"f5f5f5\"><span class=\"viculos\">Extensi\u00f3n del Estabilizador<\/span><\/td>\n<td class=\"subtitulos\" bgcolor=\"f5f5f5\">1374 mm (54.1 in.)<\/td>\n<\/tr>\n<tr>\n<td class=\"subtitulos\"><span class=\"viculos\">Extensi\u00f3n Operacional del Estabilizador<\/span><\/td>\n<td class=\"subtitulos\">1374 mm (54.1 in.)<\/td>\n<\/tr>\n<tr>\n<td class=\"subtitulos\" bgcolor=\"#F5F5F5\"><span class=\"viculos\">Despeje de Tierra ( A )<\/span><\/td>\n<td class=\"subtitulos\" bgcolor=\"#F5F5F5\">172 mm (6.8 in.)<\/td>\n<\/tr>\n<tr>\n<td class=\"subtitulos\"><span class=\"viculos\">Profundidad de Excavada ( B )<\/span><\/td>\n<td class=\"subtitulos\">2962 mm (116.6 in.)<\/td>\n<\/tr>\n<tr>\n<td class=\"subtitulos\" bgcolor=\"#F5F5F5\"><span class=\"viculos\">Profundidad de Excavada &#8211; Fondo Plano ( C)<\/span><\/td>\n<td class=\"subtitulos\" bgcolor=\"#F5F5F5\">2937 mm (115.6 in.)<\/td>\n<\/tr>\n<tr>\n<td class=\"subtitulos\"><span class=\"viculos\">Elevaci\u00f3n de Carga ( D )<\/span><\/td>\n<td class=\"subtitulos\">2115 mm (83.3 in.)<\/td>\n<\/tr>\n<tr>\n<td class=\"subtitulos\" bgcolor=\"#F5F5F5\"><span class=\"viculos\">Alcanze de Eje de Balance ( E )<\/span><\/td>\n<td class=\"subtitulos\" bgcolor=\"#F5F5F5\">3691 mm (145.3 in.)<\/td>\n<\/tr>\n<tr>\n<td class=\"subtitulos\"><span class=\"viculos\">Arco de Balance<\/span><\/td>\n<td class=\"subtitulos\">180\u00b0<\/td>\n<\/tr>\n<tr>\n<td class=\"subtitulos\" bgcolor=\"#F5F5F5\"><span class=\"viculos\">Rotaci\u00f3n de Cubo<\/span><\/td>\n<td class=\"subtitulos\" bgcolor=\"#F5F5F5\">200\u00b0<\/td>\n<\/tr>\n<tr>\n<td class=\"subtitulos\"><\/td>\n<td class=\"subtitulos\"><\/td>\n<\/tr>\n<tr>\n<td class=\"subtitulos\" bgcolor=\"#999999\"><span class=\"bajada\">Sistema del Montaje del Cubo<\/span><\/td>\n<td class=\"subtitulos\" bgcolor=\"#FFFFFF\">X-Change\u2122 system<\/td>\n<\/tr>\n<tr>\n<td class=\"subtitulos\"><\/td>\n<td class=\"subtitulos\"><\/td>\n<\/tr>\n<tr>\n<td class=\"bajada\" bgcolor=\"#999999\">Anchuras del Cubo Disponibles<\/td>\n<td class=\"subtitulos\" bgcolor=\"#FFFFFF\">200 mm (7.8 in.)<\/td>\n<\/tr>\n<tr>\n<td class=\"subtitulos\" rowspan=\"3\" align=\"center\" bgcolor=\"#FEFEFE\"><img loading=\"lazy\" decoding=\"async\" class=\"aligncenter size-full wp-image-1480\" src=\"https:\/\/dev2.appdtes.cl\/wp-content\/uploads\/2018\/12\/brazo-excavador-2.jpg\" alt=\"\" width=\"97\" height=\"79\" \/><\/td>\n<td class=\"subtitulos\">330 mm (13 in.)<\/td>\n<\/tr>\n<tr>\n<td class=\"subtitulos\" bgcolor=\"#F5F5F5\">406 mm (16 in.)<\/td>\n<\/tr>\n<tr>\n<td class=\"subtitulos\">457 mm (18 in.)<\/td>\n<\/tr>\n<\/tbody>\n<\/table>\n<p>&nbsp;<\/p>\n<p><img loading=\"lazy\" decoding=\"async\" class=\"aligncenter size-full wp-image-1481\" src=\"https:\/\/dev2.appdtes.cl\/wp-content\/uploads\/2018\/12\/brazo-excavador-3.jpg\" alt=\"\" width=\"617\" height=\"567\" srcset=\"https:\/\/www.viverolasbrujas.cl\/maquinas\/wp-content\/uploads\/2018\/12\/brazo-excavador-3-200x184.jpg 200w, https:\/\/www.viverolasbrujas.cl\/maquinas\/wp-content\/uploads\/2018\/12\/brazo-excavador-3-300x276.jpg 300w, https:\/\/www.viverolasbrujas.cl\/maquinas\/wp-content\/uploads\/2018\/12\/brazo-excavador-3-400x368.jpg 400w, https:\/\/www.viverolasbrujas.cl\/maquinas\/wp-content\/uploads\/2018\/12\/brazo-excavador-3-600x551.jpg 600w, https:\/\/www.viverolasbrujas.cl\/maquinas\/wp-content\/uploads\/2018\/12\/brazo-excavador-3.jpg 617w\" sizes=\"(max-width: 617px) 100vw, 617px\" \/><\/p>\n<p>&nbsp;<\/p>\n<table border=\"1\" width=\"100%\" align=\"center\">\n<tbody>\n<tr class=\"viculos\">\n<td class=\"titulos\" align=\"center\" bgcolor=\"#FFCC00\">CONSIGA UN ENGACHE R\u00c1PIDO<\/td>\n<\/tr>\n<tr class=\"viculos\">\n<td class=\"subtitulos\">El exclusivo Sistema de enganche Bobcat\u00ae X-Change\u2122, el cual permite un cambio de accesorios r\u00e1pido y f\u00e1cil<\/td>\n<\/tr>\n<tr class=\"viculos\">\n<td bgcolor=\"#FFFFFF\">\n<div align=\"center\"><img loading=\"lazy\" decoding=\"async\" class=\"aligncenter size-full wp-image-1482\" src=\"https:\/\/dev2.appdtes.cl\/wp-content\/uploads\/2018\/12\/brazo-excavador-4.jpg\" alt=\"\" width=\"519\" height=\"155\" srcset=\"https:\/\/www.viverolasbrujas.cl\/maquinas\/wp-content\/uploads\/2018\/12\/brazo-excavador-4-200x60.jpg 200w, https:\/\/www.viverolasbrujas.cl\/maquinas\/wp-content\/uploads\/2018\/12\/brazo-excavador-4-300x90.jpg 300w, https:\/\/www.viverolasbrujas.cl\/maquinas\/wp-content\/uploads\/2018\/12\/brazo-excavador-4-400x119.jpg 400w, https:\/\/www.viverolasbrujas.cl\/maquinas\/wp-content\/uploads\/2018\/12\/brazo-excavador-4.jpg 519w\" sizes=\"(max-width: 519px) 100vw, 519px\" \/><br \/>\n<img loading=\"lazy\" decoding=\"async\" class=\"aligncenter size-full wp-image-1483\" src=\"https:\/\/dev2.appdtes.cl\/wp-content\/uploads\/2018\/12\/brazo-excavador-5.jpg\" alt=\"\" width=\"520\" height=\"156\" srcset=\"https:\/\/www.viverolasbrujas.cl\/maquinas\/wp-content\/uploads\/2018\/12\/brazo-excavador-5-200x60.jpg 200w, https:\/\/www.viverolasbrujas.cl\/maquinas\/wp-content\/uploads\/2018\/12\/brazo-excavador-5-300x90.jpg 300w, https:\/\/www.viverolasbrujas.cl\/maquinas\/wp-content\/uploads\/2018\/12\/brazo-excavador-5-400x120.jpg 400w, https:\/\/www.viverolasbrujas.cl\/maquinas\/wp-content\/uploads\/2018\/12\/brazo-excavador-5.jpg 520w\" sizes=\"(max-width: 520px) 100vw, 520px\" \/><\/div>\n<\/td>\n<\/tr>\n<\/tbody>\n<\/table>\n","protected":false},"excerpt":{"rendered":"<p>Excava haciendo zanjas para riego el\u00e9ctrico, drenajes en anchos de 20, 30 o 40 cm. y a una profundidad m\u00e1xima de 3 mt. Adem\u00e1s de la posibilidad de hacer excavaciones de plantaci\u00f3n, heridos de casas y extracci\u00f3n de \u00e1rboles.<\/p>\n","protected":false},"featured_media":1560,"template":"","meta":[],"product_cat":[45],"product_tag":[],"class_list":{"0":"post-1478","1":"product","2":"type-product","3":"status-publish","4":"has-post-thumbnail","6":"product_cat-minicargador-compacto","8":"first","9":"instock","10":"shipping-taxable","11":"product-type-simple"},"_links":{"self":[{"href":"https:\/\/www.viverolasbrujas.cl\/maquinas\/wp-json\/wp\/v2\/product\/1478"}],"collection":[{"href":"https:\/\/www.viverolasbrujas.cl\/maquinas\/wp-json\/wp\/v2\/product"}],"about":[{"href":"https:\/\/www.viverolasbrujas.cl\/maquinas\/wp-json\/wp\/v2\/types\/product"}],"wp:featuredmedia":[{"embeddable":true,"href":"https:\/\/www.viverolasbrujas.cl\/maquinas\/wp-json\/wp\/v2\/media\/1560"}],"wp:attachment":[{"href":"https:\/\/www.viverolasbrujas.cl\/maquinas\/wp-json\/wp\/v2\/media?parent=1478"}],"wp:term":[{"taxonomy":"product_cat","embeddable":true,"href":"https:\/\/www.viverolasbrujas.cl\/maquinas\/wp-json\/wp\/v2\/product_cat?post=1478"},{"taxonomy":"product_tag","embeddable":true,"href":"https:\/\/www.viverolasbrujas.cl\/maquinas\/wp-json\/wp\/v2\/product_tag?post=1478"}],"curies":[{"name":"wp","href":"https:\/\/api.w.org\/{rel}","templated":true}]}}